{"id":77,"date":"2023-08-01T01:12:00","date_gmt":"2023-08-01T04:12:00","guid":{"rendered":"https:\/\/kubit.com.uy\/br\/?page_id=77"},"modified":"2025-05-01T20:14:27","modified_gmt":"2025-05-01T23:14:27","slug":"desemvolvimento-web","status":"publish","type":"page","link":"https:\/\/kubit.com.uy\/br\/servicos\/desemvolvimento-web\/","title":{"rendered":"Desemvolvimento Web"},"content":{"rendered":"\n<div style=\"height:3rem\" aria-hidden=\"true\" class=\"wp-block-spacer\"><\/div>\n\n\n\n<h1 class=\"wp-block-heading has-text-align-center\">Desemvolvimento Web<\/h1>\n\n\n\n<div class=\"wp-block-columns is-layout-flex wp-container-core-columns-is-layout-9d6595d7 wp-block-columns-is-layout-flex\">\n<div class=\"wp-block-column is-layout-flow wp-block-column-is-layout-flow\"><div class=\"wp-block-image\">\n<figure class=\"aligncenter size-large\"><img decoding=\"async\" src=\"data:image\/gif;base64,R0lGODlhAQABAIAAAAAAAP\/\/\/yH5BAEAAAAALAAAAAABAAEAAAIBRAA7\" data-src=\"https:\/\/kubit.com.uy\/wp-content\/uploads\/webdevelop.svg\" alt=\"Desarrollo Web\" class=\"wp-image-1549 lazyload\"\/><noscript><img decoding=\"async\" src=\"https:\/\/kubit.com.uy\/wp-content\/uploads\/webdevelop.svg\" alt=\"Desarrollo Web\" class=\"wp-image-1549 lazyload\"\/><\/noscript><\/figure>\n<\/div>\n\n\n<p class=\"has-text-align-justify\">O desenvolvimento web refere-se ao processo de cria\u00e7\u00e3o de sites e aplicativos web executados na World Wide Web. Envolve uma combina\u00e7\u00e3o de design, programa\u00e7\u00e3o, cria\u00e7\u00e3o de conte\u00fado e gerenciamento de banco de dados para criar experi\u00eancias envolventes e interativas para os usu\u00e1rios. Na medida em que mais pessoas t\u00eam acesso \u00e0 Internet em todo o mundo, o desenvolvimento web tornou-se cada vez mais importante para empresas, organiza\u00e7\u00f5es e indiv\u00edduos que desejam ter uma presen\u00e7a online.<\/p>\n\n\n\n<p class=\"has-text-align-justify\">Uma das principais tecnologias utilizadas no desenvolvimento web \u00e9 o HTML (HyperText Markup Language). O HTML fornece a estrutura e o conte\u00fado b\u00e1sicos de uma p\u00e1gina Web, permitindo que os desenvolvedores definam elementos como t\u00edtulos, par\u00e1grafos, imagens e links. Juntamente com CSS (Cascading Style Sheets), que lida com a apar\u00eancia visual e o layout de uma p\u00e1gina Web, e JavaScript, que adiciona interatividade e funcionalidade din\u00e2mica, essas tecnologias formam a base do desenvolvimento web moderno.<\/p>\n\n\n\n<div class=\"center\"><a href=\"\/br\/contato\/\" class=\"button\">Quero meu desenvolvimento WordPress<\/a><\/div>\n<\/div>\n<\/div>\n\n\n\n<h2 class=\"wp-block-heading has-text-align-center\">Tecnologias utilizadas em nossos desenvolvimentos<\/h2>\n\n\n\n<div style=\"height:2rem\" aria-hidden=\"true\" class=\"wp-block-spacer\"><\/div>\n\n\n\n<div class=\"wp-block-group\"><div class=\"wp-block-group__inner-container is-layout-constrained wp-block-group-is-layout-constrained\">\n<div class=\"wp-block-group is-content-justification-space-between is-nowrap is-layout-flex wp-container-core-group-is-layout-0dfbf163 wp-block-group-is-layout-flex\">\n<figure class=\"wp-block-image size-full\"><img decoding=\"async\" src=\"data:image\/gif;base64,R0lGODlhAQABAIAAAAAAAP\/\/\/yH5BAEAAAAALAAAAAABAAEAAAIBRAA7\" data-src=\"https:\/\/kubit.com.uy\/wp-content\/uploads\/wordpress-logo.png\" alt=\"Logo WordPress\" class=\"wp-image-1698 lazyload\"\/><noscript><img decoding=\"async\" src=\"https:\/\/kubit.com.uy\/wp-content\/uploads\/wordpress-logo.png\" alt=\"Logo WordPress\" class=\"wp-image-1698 lazyload\"\/><\/noscript><\/figure>\n\n\n\n<figure class=\"wp-block-image size-full\"><img decoding=\"async\" src=\"data:image\/gif;base64,R0lGODlhAQABAIAAAAAAAP\/\/\/yH5BAEAAAAALAAAAAABAAEAAAIBRAA7\" data-src=\"https:\/\/kubit.com.uy\/wp-content\/uploads\/logo-php.png\" alt=\"Logo PHP\" class=\"wp-image-1557 lazyload\"\/><noscript><img decoding=\"async\" src=\"https:\/\/kubit.com.uy\/wp-content\/uploads\/logo-php.png\" alt=\"Logo PHP\" class=\"wp-image-1557 lazyload\"\/><\/noscript><\/figure>\n\n\n\n<figure class=\"wp-block-image size-full\"><img decoding=\"async\" src=\"data:image\/gif;base64,R0lGODlhAQABAIAAAAAAAP\/\/\/yH5BAEAAAAALAAAAAABAAEAAAIBRAA7\" data-src=\"https:\/\/kubit.com.uy\/wp-content\/uploads\/logo-javascript.png\" alt=\"Logo JavaScript\" class=\"wp-image-1556 lazyload\"\/><noscript><img decoding=\"async\" src=\"https:\/\/kubit.com.uy\/wp-content\/uploads\/logo-javascript.png\" alt=\"Logo JavaScript\" class=\"wp-image-1556 lazyload\"\/><\/noscript><\/figure>\n\n\n\n<figure class=\"wp-block-image size-full\"><img decoding=\"async\" src=\"data:image\/gif;base64,R0lGODlhAQABAIAAAAAAAP\/\/\/yH5BAEAAAAALAAAAAABAAEAAAIBRAA7\" data-src=\"https:\/\/kubit.com.uy\/wp-content\/uploads\/logo-html5.png\" alt=\"Logo HTML 5\" class=\"wp-image-1555 lazyload\"\/><noscript><img decoding=\"async\" src=\"https:\/\/kubit.com.uy\/wp-content\/uploads\/logo-html5.png\" alt=\"Logo HTML 5\" class=\"wp-image-1555 lazyload\"\/><\/noscript><\/figure>\n\n\n\n<figure class=\"wp-block-image size-full\"><img decoding=\"async\" src=\"data:image\/gif;base64,R0lGODlhAQABAIAAAAAAAP\/\/\/yH5BAEAAAAALAAAAAABAAEAAAIBRAA7\" data-src=\"https:\/\/kubit.com.uy\/wp-content\/uploads\/logo-css3.png\" alt=\"Logo CSS 3\" class=\"wp-image-1554 lazyload\"\/><noscript><img decoding=\"async\" src=\"https:\/\/kubit.com.uy\/wp-content\/uploads\/logo-css3.png\" alt=\"Logo CSS 3\" class=\"wp-image-1554 lazyload\"\/><\/noscript><\/figure>\n\n\n\n<figure class=\"wp-block-image size-full\"><img decoding=\"async\" src=\"data:image\/gif;base64,R0lGODlhAQABAIAAAAAAAP\/\/\/yH5BAEAAAAALAAAAAABAAEAAAIBRAA7\" data-src=\"https:\/\/kubit.com.uy\/wp-content\/uploads\/gutenberg-logo.png\" alt=\"Logo Gutenberg\" class=\"wp-image-1703 lazyload\"\/><noscript><img decoding=\"async\" src=\"https:\/\/kubit.com.uy\/wp-content\/uploads\/gutenberg-logo.png\" alt=\"Logo Gutenberg\" class=\"wp-image-1703 lazyload\"\/><\/noscript><\/figure>\n\n\n\n<figure class=\"wp-block-image size-full\"><img decoding=\"async\" src=\"data:image\/gif;base64,R0lGODlhAQABAIAAAAAAAP\/\/\/yH5BAEAAAAALAAAAAABAAEAAAIBRAA7\" data-src=\"https:\/\/kubit.com.uy\/wp-content\/uploads\/elementor-logo.png\" alt=\"Logo Elementor\" class=\"wp-image-1702 lazyload\"\/><noscript><img decoding=\"async\" src=\"https:\/\/kubit.com.uy\/wp-content\/uploads\/elementor-logo.png\" alt=\"Logo Elementor\" class=\"wp-image-1702 lazyload\"\/><\/noscript><\/figure>\n\n\n\n<figure class=\"wp-block-image size-full\"><img decoding=\"async\" src=\"data:image\/gif;base64,R0lGODlhAQABAIAAAAAAAP\/\/\/yH5BAEAAAAALAAAAAABAAEAAAIBRAA7\" data-src=\"https:\/\/kubit.com.uy\/wp-content\/uploads\/logo-woo.png\" alt=\"Logo WooCommerce\" class=\"wp-image-1700 lazyload\"\/><noscript><img decoding=\"async\" src=\"https:\/\/kubit.com.uy\/wp-content\/uploads\/logo-woo.png\" alt=\"Logo WooCommerce\" class=\"wp-image-1700 lazyload\"\/><\/noscript><\/figure>\n<\/div>\n<\/div><\/div>\n\n\n\n<div style=\"height:4rem\" aria-hidden=\"true\" class=\"wp-block-spacer\"><\/div>\n","protected":false},"excerpt":{"rendered":"<p>Desemvolvimento Web O desenvolvimento web refere-se ao processo de cria\u00e7\u00e3o de sites e aplicativos web executados na World Wide Web. Envolve uma combina\u00e7\u00e3o de design, programa\u00e7\u00e3o, cria\u00e7\u00e3o de conte\u00fado e gerenciamento de banco de dados para criar experi\u00eancias envolventes e interativas para os usu\u00e1rios. Na medida em que mais pessoas t\u00eam acesso \u00e0 Internet em [&hellip;]<\/p>\n","protected":false},"author":1,"featured_media":0,"parent":74,"menu_order":1,"comment_status":"closed","ping_status":"closed","template":"","meta":{"_genesis_hide_title":true,"_genesis_hide_breadcrumbs":false,"_genesis_hide_singular_image":false,"_genesis_hide_footer_widgets":false,"_genesis_custom_body_class":"","_genesis_custom_post_class":"","_genesis_layout":"","editor_notices":[],"_joinchat":[],"footnotes":""},"class_list":{"0":"post-77","1":"page","2":"type-page","3":"status-publish","5":"entry"},"featured_image_src":null,"featured_image_src_square":null,"_links":{"self":[{"href":"https:\/\/kubit.com.uy\/br\/wp-json\/wp\/v2\/pages\/77","targetHints":{"allow":["GET"]}}],"collection":[{"href":"https:\/\/kubit.com.uy\/br\/wp-json\/wp\/v2\/pages"}],"about":[{"href":"https:\/\/kubit.com.uy\/br\/wp-json\/wp\/v2\/types\/page"}],"author":[{"embeddable":true,"href":"https:\/\/kubit.com.uy\/br\/wp-json\/wp\/v2\/users\/1"}],"replies":[{"embeddable":true,"href":"https:\/\/kubit.com.uy\/br\/wp-json\/wp\/v2\/comments?post=77"}],"version-history":[{"count":5,"href":"https:\/\/kubit.com.uy\/br\/wp-json\/wp\/v2\/pages\/77\/revisions"}],"predecessor-version":[{"id":193,"href":"https:\/\/kubit.com.uy\/br\/wp-json\/wp\/v2\/pages\/77\/revisions\/193"}],"up":[{"embeddable":true,"href":"https:\/\/kubit.com.uy\/br\/wp-json\/wp\/v2\/pages\/74"}],"wp:attachment":[{"href":"https:\/\/kubit.com.uy\/br\/wp-json\/wp\/v2\/media?parent=77"}],"curies":[{"name":"wp","href":"https:\/\/api.w.org\/{rel}","templated":true}]}}