{"id":83,"date":"2023-08-01T01:20:06","date_gmt":"2023-08-01T04:20:06","guid":{"rendered":"https:\/\/kubit.com.uy\/br\/?page_id=83"},"modified":"2024-03-25T05:16:20","modified_gmt":"2024-03-25T08:16:20","slug":"suporte-wordpress","status":"publish","type":"page","link":"https:\/\/kubit.com.uy\/br\/servicos\/suporte-wordpress\/","title":{"rendered":"Suporte WordPress"},"content":{"rendered":"\n<div style=\"height:3rem\" aria-hidden=\"true\" class=\"wp-block-spacer\"><\/div>\n\n\n\n<h1 class=\"wp-block-heading has-text-align-center negrita\">Suporte WordPress<\/h1>\n\n\n\n<div style=\"height:2rem\" aria-hidden=\"true\" class=\"wp-block-spacer\"><\/div>\n\n\n\n<h4 class=\"wp-block-heading has-text-align-center\">Por que voc\u00ea deve contratar um servi\u00e7o de suporte e manuten\u00e7\u00e3o do WordPress?<\/h4>\n\n\n\n<p class=\"has-text-align-justify motivo\">Tomando os devidos cuidados, o WordPress \u00e9 um sistema seguro, mas por ser uma plataforma de c\u00f3digo aberto e amplamente utilizada em todo o mundo, torna-se um dos principais alvos de invas\u00f5es maliciosas, como spam, malware, phishing ou ataques de for\u00e7a bruta. As vulnerabilidades que surgem no WordPress devem-se principalmente a um mau plano de manuten\u00e7\u00e3o e atualiza\u00e7\u00e3o de seus plugins e temas.<\/p>\n\n\n\n<h2 class=\"wp-block-heading has-text-align-center\">Nossos planos<\/h2>\n\n\n\n<div class=\"wp-block-columns is-layout-flex wp-container-core-columns-is-layout-9d6595d7 wp-block-columns-is-layout-flex\">\n<div class=\"wp-block-column price-block is-layout-flow wp-block-column-is-layout-flow\">\n<h3 class=\"center price-tittle\">B\u00e1sico<\/h3>\n<h2 class=\"bold center\"><span class=\"medium upper\">U$S<\/span> 30 <span class=\"medium\"> \/ m\u00eas<\/span><\/h2>\n<li class=\"feature-item\"><i class=\"fa fa-check checked\"><\/i> <span>Atualiza\u00e7\u00f5es do WordPress<\/span><\/li>\n<li class=\"feature-item\"><i class=\"fa fa-check checked\"><\/i> <span>Atualiza\u00e7\u00f5es de temas<\/span><\/li>\n<li class=\"feature-item\"><i class=\"fa fa-check checked\"><\/i> <span>Atualiza\u00e7\u00f5es de plugins<\/span><\/li>\n<li class=\"feature-item\"><i class=\"fa fa-check checked\"><\/i> <span>Suporte por e-mail<\/span><\/li>\n<li class=\"feature-item\"><i class=\"fa fa-check checked\"><\/i> <span>Backups semanais<\/span><\/li>\n<li class=\"feature-item\"><i class=\"fa fa-check checked\"><\/i> <span>Relat\u00f3rio mensal<\/span><\/li>\n<li class=\"feature-item\"><i class=\"fa fa-check checked\"><\/i> <span>Sem perman\u00eancia<\/span><\/li>\n<li class=\"feature-item\"><i class=\"fa fa-times checked\"><\/i> <span class=\"lined\">Otimiza\u00e7\u00e3o de velocidade<\/span><\/li>\n<li class=\"feature-item\"><i class=\"fa fa-times checked\"><\/i> <span class=\"lined\">Verifica\u00e7\u00e3o da seguran\u00e7a<\/span><\/li>\n<li class=\"feature-item\"><i class=\"fa fa-times checked\"><\/i> <span class=\"lined\">Monitoramento 24\/7<\/span><\/li>\n<li class=\"feature-item\"><i class=\"fa fa-times checked\"><\/i> <span class=\"lined\">Backups a cada 24h<\/span><\/li>\n<li class=\"feature-item\"><i class=\"fa fa-times checked\"><\/i> <span class=\"lined\">Suporte 8\/5<\/span><\/li>\n<li class=\"feature-item\"><i class=\"fa fa-times checked\"><\/i> <span class=\"lined\">Suporte pelo WhatsApp<\/span><\/li>\n<li class=\"feature-item\"><i class=\"fa fa-times checked\"><\/i> <span class=\"lined\">Prioridade em emerg\u00eancias<\/span><\/li>\n<li class=\"feature-item\"><i class=\"fa fa-times checked\"><\/i> <span class=\"lined\">Backups a cada 1h<\/span><\/li>\n<li class=\"feature-item\"><i class=\"fa fa-times checked\"><\/i> <span class=\"lined\">Modifica\u00e7\u00f5es<\/span><\/li>\n<li class=\"feature-item\"><i class=\"fa fa-times checked\"><\/i> <span class=\"lined\">Migra\u00e7\u00f5es<\/span><\/li>\n<li class=\"feature-item\"><i class=\"fa fa-times checked\"><\/i> <span class=\"lined\">Emerg\u00eancias<\/span><\/li>\n<li class=\"feature-item\"><i class=\"fa fa-times checked\"><\/i> <span class=\"lined\">Suporte WooCommerce<\/span><\/li>\n<br>\n<div class=\"center\"><a href=\"\/br\/contato\/\" class=\"button\">Contratar<\/a><\/div>\n<br\/>\n<\/div>\n\n\n\n<div class=\"wp-block-column price-block is-layout-flow wp-block-column-is-layout-flow\">\n<h3 class=\"center price-tittle\" \"=\"\">Padr\u00e3o<\/h3>\n<h2 class=\"bold center\"><span class=\"medium upper\">U$S<\/span> 70 <span class=\"medium\"> \/ m\u00eas<\/span><\/h2>\n<li class=\"feature-item\"><i class=\"fa fa-check checked\"><\/i>Atualiza\u00e7\u00f5es do WordPress<\/li>\n<li class=\"feature-item\"><i class=\"fa fa-check checked\"><\/i>Atualiza\u00e7\u00f5es de temas<\/li>\n<li class=\"feature-item\"><i class=\"fa fa-check checked\"><\/i>Atualiza\u00e7\u00f5es de plugins<\/li>\n<li class=\"feature-item\"><i class=\"fa fa-check checked\"><\/i>Suporte por e-mail<\/li>\n<li class=\"feature-item\"><i class=\"fa fa-check checked\"><\/i> Backups semanais<\/li>\n<li class=\"feature-item\"><i class=\"fa fa-check checked\"><\/i>Relat\u00f3rio mensal<\/li>\n<li class=\"feature-item\"><i class=\"fa fa-check checked\"><\/i>Sem perman\u00eancia<\/li>\n<li class=\"feature-item\"><i class=\"fa fa-check checked\"><\/i>Otimiza\u00e7\u00e3o de velocidade<\/li>\n<li class=\"feature-item\"><i class=\"fa fa-check checked\"><\/i>Verifica\u00e7\u00e3o da seguran\u00e7a<\/li>\n<li class=\"feature-item\"><i class=\"fa fa-check checked\"><\/i>Monitoramento 24\/7<\/li>\n<li class=\"feature-item\"><i class=\"fa fa-check checked\"><\/i>Backups a cada 24h<\/li>\n<li class=\"feature-item\"><i class=\"fa fa-check checked\"><\/i> Suporte 8\/5<\/li>\n<li class=\"feature-item\"><i class=\"fa fa-check checked\"><\/i>Suporte pelo WhatsApp<\/li>\n<li class=\"feature-item\"><i class=\"fa fa-check checked\"><\/i>Prioridade em emerg\u00eancias<\/li>\n<li class=\"feature-item\"><i class=\"fa fa-times checked\"><\/i> <span class=\"lined\">Backups a cada 1h<\/span><\/li>\n<li class=\"feature-item\"><i class=\"fa fa-times checked\"><\/i> <span class=\"lined\">Modifica\u00e7\u00f5es<\/span><\/li>\n<li class=\"feature-item\"><i class=\"fa fa-times checked\"><\/i> <span class=\"lined\">Migra\u00e7\u00f5es<\/span><\/li>\n<li class=\"feature-item\"><i class=\"fa fa-times checked\"><\/i> <span class=\"lined\">Emerg\u00eancias<\/span><\/li>\n<li class=\"feature-item\"><i class=\"fa fa-times checked\"><\/i> <span class=\"lined\">Suporte WooCommerce<\/span><\/li>\n<br>\n<div class=\"center\"><a href=\"\/br\/contato\/\" class=\"button\">Contratar<\/a><\/div>\n<br\/>\n<\/div>\n\n\n\n<div class=\"wp-block-column price-block is-layout-flow wp-block-column-is-layout-flow\">\n<h3 class=\"center price-tittle\" \"=\"\">Avan\u00e7ado<\/h3>\n<h2 class=\"bold center\"><span class=\"medium upper\">U$S<\/span> 120 <span class=\"medium\"> \/ m\u00eas<\/span><\/h2>\n<li class=\"feature-item\"><i class=\"fa fa-check checked\"><\/i>Atualiza\u00e7\u00f5es do WordPress<\/li>\n<li class=\"feature-item\"><i class=\"fa fa-check checked\"><\/i>Atualiza\u00e7\u00f5es de temas<\/li>\n<li class=\"feature-item\"><i class=\"fa fa-check checked\"><\/i>Atualiza\u00e7\u00f5es de plugins<\/li>\n<li class=\"feature-item\"><i class=\"fa fa-check checked\"><\/i>Suporte por e-mail<\/li>\n<li class=\"feature-item\"><i class=\"fa fa-check checked\"><\/i>Backups semanais<\/li>\n<li class=\"feature-item\"><i class=\"fa fa-check checked\"><\/i>Relat\u00f3rio mensal<\/li>\n<li class=\"feature-item\"><i class=\"fa fa-check checked\"><\/i>Sem perman\u00eancia<\/li>\n<li class=\"feature-item\"><i class=\"fa fa-check checked\"><\/i>Otimiza\u00e7\u00e3o de velocidade<\/li>\n<li class=\"feature-item\"><i class=\"fa fa-check checked\"><\/i>Verifica\u00e7\u00e3o da seguran\u00e7a<\/li>\n<li class=\"feature-item\"><i class=\"fa fa-check checked\"><\/i>Monitoramento 24\/7<\/li>\n<li class=\"feature-item\"><i class=\"fa fa-check checked\"><\/i>Backups a cada 24h<\/li>\n<li class=\"feature-item\"><i class=\"fa fa-check checked\"><\/i>Suporte 8\/5<\/li>\n<li class=\"feature-item\"><i class=\"fa fa-check checked\"><\/i>Suporte pelo WhatsApp<\/li>\n<li class=\"feature-item\"><i class=\"fa fa-check checked\"><\/i>Prioridade em emerg\u00eancias<\/li>\n<li class=\"feature-item\"><i class=\"fa fa-check checked\"><\/i>Backups a cada 1h<\/li>\n<li class=\"feature-item\"><i class=\"fa fa-check checked\"><\/i> Modifica\u00e7\u00f5es<\/li>\n<li class=\"feature-item\"><i class=\"fa fa-check checked\"><\/i> Migra\u00e7\u00f5es<\/li>\n<li class=\"feature-item\"><i class=\"fa fa-check checked\"><\/i> Emerg\u00eancias<\/li>\n<li class=\"feature-item\"><i class=\"fa fa-check checked\"><\/i>Suporte WooCommerce<\/li>\n<br>\n<div class=\"center\"><a href=\"\/br\/contato\/\" class=\"button\">Contratar<\/a><\/div>\n<br\/>\n<\/div>\n<\/div>\n\n\n\n<div style=\"height:3rem\" aria-hidden=\"true\" class=\"wp-block-spacer\"><\/div>\n\n\n\n<div class=\"wp-block-columns is-layout-flex wp-container-core-columns-is-layout-9d6595d7 wp-block-columns-is-layout-flex\">\n<div class=\"wp-block-column is-vertically-aligned-center agencia is-layout-flow wp-block-column-is-layout-flow\"><div class=\"wp-block-image is-style-default center\">\n<figure class=\"aligncenter size-large\"><img decoding=\"async\" src=\"data:image\/gif;base64,R0lGODlhAQABAIAAAAAAAP\/\/\/yH5BAEAAAAALAAAAAABAAEAAAIBRAA7\" data-src=\"https:\/\/kubit.com.uy\/br\/wp-content\/uploads\/sites\/2\/agencia.svg\" alt=\"\" class=\"wp-image-48 lazyload\"\/><noscript><img decoding=\"async\" width=\"400\" height=\"400\" src=\"https:\/\/kubit.com.uy\/br\/wp-content\/uploads\/sites\/2\/agencia.svg\" alt=\"\" class=\"wp-image-48 lazyload\" srcset=\"https:\/\/kubit.com.uy\/br\/wp-content\/uploads\/sites\/2\/agencia.svg 150w, https:\/\/kubit.com.uy\/br\/wp-content\/uploads\/sites\/2\/agencia.svg 300w, https:\/\/kubit.com.uy\/br\/wp-content\/uploads\/sites\/2\/agencia.svg 1024w, https:\/\/kubit.com.uy\/br\/wp-content\/uploads\/sites\/2\/agencia.svg 1536w, https:\/\/kubit.com.uy\/br\/wp-content\/uploads\/sites\/2\/agencia.svg 2048w, https:\/\/kubit.com.uy\/br\/wp-content\/uploads\/sites\/2\/agencia.svg 600w, https:\/\/kubit.com.uy\/br\/wp-content\/uploads\/sites\/2\/agencia.svg 400w\" sizes=\"(max-width: 400px) 100vw, 400px\" \/><\/noscript><\/figure>\n<\/div><\/div>\n\n\n\n<div class=\"wp-block-column is-vertically-aligned-center is-layout-flow wp-block-column-is-layout-flow\">\n<h2 class=\"wp-block-heading has-text-align-center\">Planos para ag\u00eancias<\/h2>\n\n\n\n<p class=\"has-text-align-justify motivo\">Se voc\u00ea tem uma ag\u00eancia de Marketing, Web Design ou SEO, a tarefa de dar suporte e manuten\u00e7\u00e3o aos sites de seus clientes certamente ser\u00e1 trabalhosa, pois nem sempre h\u00e1 pessoal dedicado e treinado com conhecimento suficiente. Se este for o seu caso, voc\u00ea se interessar\u00e1 por este tipo de servi\u00e7o, n\u00f3s cuidaremos do suporte e manuten\u00e7\u00e3o de seus clientes sem ter que desperdi\u00e7ar recursos e poder\u00e1 direcion\u00e1-los para a atividade principal do seu neg\u00f3cio, pois n\u00f3s cuidaremos dessa tarefa. <\/p>\n\n\n\n<div class=\"center\"><a href=\"\/br\/contato\/\" class=\"button\">Vamos conversar<\/a><\/div>\n<\/div>\n<\/div>\n\n\n\n<div style=\"height:2rem\" aria-hidden=\"true\" class=\"wp-block-spacer\"><\/div>\n","protected":false},"excerpt":{"rendered":"<p>Suporte WordPress Por que voc\u00ea deve contratar um servi\u00e7o de suporte e manuten\u00e7\u00e3o do WordPress? Tomando os devidos cuidados, o WordPress \u00e9 um sistema seguro, mas por ser uma plataforma de c\u00f3digo aberto e amplamente utilizada em todo o mundo, torna-se um dos principais alvos de invas\u00f5es maliciosas, como spam, malware, phishing ou ataques de [&hellip;]<\/p>\n","protected":false},"author":1,"featured_media":0,"parent":74,"menu_order":3,"comment_status":"closed","ping_status":"closed","template":"","meta":{"_genesis_hide_title":true,"_genesis_hide_breadcrumbs":false,"_genesis_hide_singular_image":false,"_genesis_hide_footer_widgets":false,"_genesis_custom_body_class":"","_genesis_custom_post_class":"","_genesis_layout":"","editor_notices":[],"_joinchat":[],"footnotes":""},"class_list":{"0":"post-83","1":"page","2":"type-page","3":"status-publish","5":"entry"},"featured_image_src":null,"featured_image_src_square":null,"_links":{"self":[{"href":"https:\/\/kubit.com.uy\/br\/wp-json\/wp\/v2\/pages\/83","targetHints":{"allow":["GET"]}}],"collection":[{"href":"https:\/\/kubit.com.uy\/br\/wp-json\/wp\/v2\/pages"}],"about":[{"href":"https:\/\/kubit.com.uy\/br\/wp-json\/wp\/v2\/types\/page"}],"author":[{"embeddable":true,"href":"https:\/\/kubit.com.uy\/br\/wp-json\/wp\/v2\/users\/1"}],"replies":[{"embeddable":true,"href":"https:\/\/kubit.com.uy\/br\/wp-json\/wp\/v2\/comments?post=83"}],"version-history":[{"count":20,"href":"https:\/\/kubit.com.uy\/br\/wp-json\/wp\/v2\/pages\/83\/revisions"}],"predecessor-version":[{"id":180,"href":"https:\/\/kubit.com.uy\/br\/wp-json\/wp\/v2\/pages\/83\/revisions\/180"}],"up":[{"embeddable":true,"href":"https:\/\/kubit.com.uy\/br\/wp-json\/wp\/v2\/pages\/74"}],"wp:attachment":[{"href":"https:\/\/kubit.com.uy\/br\/wp-json\/wp\/v2\/media?parent=83"}],"curies":[{"name":"wp","href":"https:\/\/api.w.org\/{rel}","templated":true}]}}